{"id":1068,"date":"2025-11-13T16:29:18","date_gmt":"2025-11-13T16:29:18","guid":{"rendered":"https:\/\/lauramuns.com\/?post_type=product&#038;p=1068"},"modified":"2026-02-02T09:56:58","modified_gmt":"2026-02-02T09:56:58","slug":"consulta-de-nutricion","status":"publish","type":"product","link":"https:\/\/lauramuns.com\/?product=consulta-de-nutricion","title":{"rendered":"Consulta de nutrici\u00f3n"},"content":{"rendered":"<p>Una primera sesi\u00f3n de 60 minutos que incluye:<\/p>\n<ul>\n<li>Recogida de datos personales<\/li>\n<li>Estudio de h\u00e1bitos alimenticios<\/li>\n<li>Plan nutricional individualizado<\/li>\n<li>Material formativo<\/li>\n<li>Asesoramiento continuo<\/li>\n<li>Disponibilidad telefonica\/v\u00eda WhatsApp<\/li>\n<\/ul>\n","protected":false},"excerpt":{"rendered":"<p>Una primera sesi\u00f3n de 60 minutos que incluye: Recogida de datos personales Estudio de h\u00e1bitos alimenticios Plan nutricional individualizado Material formativo Asesoramiento continuo Disponibilidad telefonica\/v\u00eda WhatsApp<\/p>\n","protected":false},"featured_media":279,"comment_status":"open","ping_status":"closed","template":"","meta":{"_joinchat":[]},"product_brand":[],"product_cat":[15],"product_tag":[],"class_list":{"0":"post-1068","1":"product","2":"type-product","3":"status-publish","4":"has-post-thumbnail","6":"product_cat-uncategorized","8":"first","9":"instock","10":"virtual","11":"purchasable","12":"product-type-simple"},"yoast_head":"<!-- This site is optimized with the Yoast SEO plugin v27.4 - https:\/\/yoast.com\/product\/yoast-seo-wordpress\/ -->\n<title>Consulta de nutrici\u00f3n - Laura Muns dietista<\/title>\n<meta name=\"robots\" content=\"index, follow, max-snippet:-1, max-image-preview:large, max-video-preview:-1\" \/>\n<link rel=\"canonical\" href=\"https:\/\/lauramuns.com\/?product=consulta-de-nutricion\" \/>\n<meta property=\"og:locale\" content=\"es_ES\" \/>\n<meta property=\"og:type\" content=\"article\" \/>\n<meta property=\"og:title\" content=\"Consulta de nutrici\u00f3n - Laura Muns dietista\" \/>\n<meta property=\"og:description\" content=\"Una primera sesi\u00f3n de 60 minutos que incluye: Recogida de datos personales Estudio de h\u00e1bitos alimenticios Plan nutricional individualizado Material formativo Asesoramiento continuo Disponibilidad telefonica\/v\u00eda WhatsApp\" \/>\n<meta property=\"og:url\" content=\"https:\/\/lauramuns.com\/?product=consulta-de-nutricion\" \/>\n<meta property=\"og:site_name\" content=\"Laura Muns dietista\" \/>\n<meta property=\"article:modified_time\" content=\"2026-02-02T09:56:58+00:00\" \/>\n<meta property=\"og:image\" content=\"https:\/\/lauramuns.com\/wp-content\/uploads\/2025\/10\/pexels-spencer-stone-251770784-12499375-scaled.jpg\" \/>\n\t<meta property=\"og:image:width\" content=\"2560\" \/>\n\t<meta property=\"og:image:height\" content=\"1707\" \/>\n\t<meta property=\"og:image:type\" content=\"image\/jpeg\" \/>\n<meta name=\"twitter:card\" content=\"summary_large_image\" \/>\n<meta name=\"twitter:label1\" content=\"Tiempo de lectura\" \/>\n\t<meta name=\"twitter:data1\" content=\"1 minuto\" \/>\n<script type=\"application\/ld+json\" class=\"yoast-schema-graph\">{\"@context\":\"https:\\\/\\\/schema.org\",\"@graph\":[{\"@type\":\"WebPage\",\"@id\":\"https:\\\/\\\/lauramuns.com\\\/?product=consulta-de-nutricion\",\"url\":\"https:\\\/\\\/lauramuns.com\\\/?product=consulta-de-nutricion\",\"name\":\"Consulta de nutrici\u00f3n - Laura Muns dietista\",\"isPartOf\":{\"@id\":\"https:\\\/\\\/lauramuns.com\\\/#website\"},\"primaryImageOfPage\":{\"@id\":\"https:\\\/\\\/lauramuns.com\\\/?product=consulta-de-nutricion#primaryimage\"},\"image\":{\"@id\":\"https:\\\/\\\/lauramuns.com\\\/?product=consulta-de-nutricion#primaryimage\"},\"thumbnailUrl\":\"https:\\\/\\\/lauramuns.com\\\/wp-content\\\/uploads\\\/2025\\\/10\\\/pexels-spencer-stone-251770784-12499375-scaled.jpg\",\"datePublished\":\"2025-11-13T16:29:18+00:00\",\"dateModified\":\"2026-02-02T09:56:58+00:00\",\"breadcrumb\":{\"@id\":\"https:\\\/\\\/lauramuns.com\\\/?product=consulta-de-nutricion#breadcrumb\"},\"inLanguage\":\"es\",\"potentialAction\":[{\"@type\":\"ReadAction\",\"target\":[\"https:\\\/\\\/lauramuns.com\\\/?product=consulta-de-nutricion\"]}]},{\"@type\":\"ImageObject\",\"inLanguage\":\"es\",\"@id\":\"https:\\\/\\\/lauramuns.com\\\/?product=consulta-de-nutricion#primaryimage\",\"url\":\"https:\\\/\\\/lauramuns.com\\\/wp-content\\\/uploads\\\/2025\\\/10\\\/pexels-spencer-stone-251770784-12499375-scaled.jpg\",\"contentUrl\":\"https:\\\/\\\/lauramuns.com\\\/wp-content\\\/uploads\\\/2025\\\/10\\\/pexels-spencer-stone-251770784-12499375-scaled.jpg\",\"width\":2560,\"height\":1707},{\"@type\":\"BreadcrumbList\",\"@id\":\"https:\\\/\\\/lauramuns.com\\\/?product=consulta-de-nutricion#breadcrumb\",\"itemListElement\":[{\"@type\":\"ListItem\",\"position\":1,\"name\":\"Home\",\"item\":\"https:\\\/\\\/lauramuns.com\\\/\"},{\"@type\":\"ListItem\",\"position\":2,\"name\":\"Products\",\"item\":\"https:\\\/\\\/lauramunsdietista-122b075.ingress-bonde.ewp.live\\\/?post_type=product\"},{\"@type\":\"ListItem\",\"position\":3,\"name\":\"Consulta de nutrici\u00f3n\"}]},{\"@type\":\"WebSite\",\"@id\":\"https:\\\/\\\/lauramuns.com\\\/#website\",\"url\":\"https:\\\/\\\/lauramuns.com\\\/\",\"name\":\"Laura Muns dietista\",\"description\":\"Asesoramiento nutricional para personas activas\",\"potentialAction\":[{\"@type\":\"SearchAction\",\"target\":{\"@type\":\"EntryPoint\",\"urlTemplate\":\"https:\\\/\\\/lauramuns.com\\\/?s={search_term_string}\"},\"query-input\":{\"@type\":\"PropertyValueSpecification\",\"valueRequired\":true,\"valueName\":\"search_term_string\"}}],\"inLanguage\":\"es\"}]}<\/script>\n<!-- \/ Yoast SEO plugin. -->","yoast_head_json":{"title":"Consulta de nutrici\u00f3n - Laura Muns dietista","robots":{"index":"index","follow":"follow","max-snippet":"max-snippet:-1","max-image-preview":"max-image-preview:large","max-video-preview":"max-video-preview:-1"},"canonical":"https:\/\/lauramuns.com\/?product=consulta-de-nutricion","og_locale":"es_ES","og_type":"article","og_title":"Consulta de nutrici\u00f3n - Laura Muns dietista","og_description":"Una primera sesi\u00f3n de 60 minutos que incluye: Recogida de datos personales Estudio de h\u00e1bitos alimenticios Plan nutricional individualizado Material formativo Asesoramiento continuo Disponibilidad telefonica\/v\u00eda WhatsApp","og_url":"https:\/\/lauramuns.com\/?product=consulta-de-nutricion","og_site_name":"Laura Muns dietista","article_modified_time":"2026-02-02T09:56:58+00:00","og_image":[{"width":2560,"height":1707,"url":"https:\/\/lauramuns.com\/wp-content\/uploads\/2025\/10\/pexels-spencer-stone-251770784-12499375-scaled.jpg","type":"image\/jpeg"}],"twitter_card":"summary_large_image","twitter_misc":{"Tiempo de lectura":"1 minuto"},"schema":{"@context":"https:\/\/schema.org","@graph":[{"@type":"WebPage","@id":"https:\/\/lauramuns.com\/?product=consulta-de-nutricion","url":"https:\/\/lauramuns.com\/?product=consulta-de-nutricion","name":"Consulta de nutrici\u00f3n - Laura Muns dietista","isPartOf":{"@id":"https:\/\/lauramuns.com\/#website"},"primaryImageOfPage":{"@id":"https:\/\/lauramuns.com\/?product=consulta-de-nutricion#primaryimage"},"image":{"@id":"https:\/\/lauramuns.com\/?product=consulta-de-nutricion#primaryimage"},"thumbnailUrl":"https:\/\/lauramuns.com\/wp-content\/uploads\/2025\/10\/pexels-spencer-stone-251770784-12499375-scaled.jpg","datePublished":"2025-11-13T16:29:18+00:00","dateModified":"2026-02-02T09:56:58+00:00","breadcrumb":{"@id":"https:\/\/lauramuns.com\/?product=consulta-de-nutricion#breadcrumb"},"inLanguage":"es","potentialAction":[{"@type":"ReadAction","target":["https:\/\/lauramuns.com\/?product=consulta-de-nutricion"]}]},{"@type":"ImageObject","inLanguage":"es","@id":"https:\/\/lauramuns.com\/?product=consulta-de-nutricion#primaryimage","url":"https:\/\/lauramuns.com\/wp-content\/uploads\/2025\/10\/pexels-spencer-stone-251770784-12499375-scaled.jpg","contentUrl":"https:\/\/lauramuns.com\/wp-content\/uploads\/2025\/10\/pexels-spencer-stone-251770784-12499375-scaled.jpg","width":2560,"height":1707},{"@type":"BreadcrumbList","@id":"https:\/\/lauramuns.com\/?product=consulta-de-nutricion#breadcrumb","itemListElement":[{"@type":"ListItem","position":1,"name":"Home","item":"https:\/\/lauramuns.com\/"},{"@type":"ListItem","position":2,"name":"Products","item":"https:\/\/lauramunsdietista-122b075.ingress-bonde.ewp.live\/?post_type=product"},{"@type":"ListItem","position":3,"name":"Consulta de nutrici\u00f3n"}]},{"@type":"WebSite","@id":"https:\/\/lauramuns.com\/#website","url":"https:\/\/lauramuns.com\/","name":"Laura Muns dietista","description":"Asesoramiento nutricional para personas activas","potentialAction":[{"@type":"SearchAction","target":{"@type":"EntryPoint","urlTemplate":"https:\/\/lauramuns.com\/?s={search_term_string}"},"query-input":{"@type":"PropertyValueSpecification","valueRequired":true,"valueName":"search_term_string"}}],"inLanguage":"es"}]}},"jetpack_sharing_enabled":true,"_links":{"self":[{"href":"https:\/\/lauramuns.com\/index.php?rest_route=\/wp\/v2\/product\/1068","targetHints":{"allow":["GET"]}}],"collection":[{"href":"https:\/\/lauramuns.com\/index.php?rest_route=\/wp\/v2\/product"}],"about":[{"href":"https:\/\/lauramuns.com\/index.php?rest_route=\/wp\/v2\/types\/product"}],"replies":[{"embeddable":true,"href":"https:\/\/lauramuns.com\/index.php?rest_route=%2Fwp%2Fv2%2Fcomments&post=1068"}],"wp:featuredmedia":[{"embeddable":true,"href":"https:\/\/lauramuns.com\/index.php?rest_route=\/wp\/v2\/media\/279"}],"wp:attachment":[{"href":"https:\/\/lauramuns.com\/index.php?rest_route=%2Fwp%2Fv2%2Fmedia&parent=1068"}],"wp:term":[{"taxonomy":"product_brand","embeddable":true,"href":"https:\/\/lauramuns.com\/index.php?rest_route=%2Fwp%2Fv2%2Fproduct_brand&post=1068"},{"taxonomy":"product_cat","embeddable":true,"href":"https:\/\/lauramuns.com\/index.php?rest_route=%2Fwp%2Fv2%2Fproduct_cat&post=1068"},{"taxonomy":"product_tag","embeddable":true,"href":"https:\/\/lauramuns.com\/index.php?rest_route=%2Fwp%2Fv2%2Fproduct_tag&post=1068"}],"curies":[{"name":"wp","href":"https:\/\/api.w.org\/{rel}","templated":true}]}}